{"id":1146,"date":"2024-08-05T11:12:19","date_gmt":"2024-08-05T14:12:19","guid":{"rendered":"https:\/\/www.iscasblackpearl.com.br\/loja\/?post_type=product&#038;p=1146"},"modified":"2025-03-11T15:08:25","modified_gmt":"2025-03-11T18:08:25","slug":"kit-robalo","status":"publish","type":"product","link":"https:\/\/www.iscasblackpearl.com.br\/loja\/index.php\/produto\/kit-robalo\/","title":{"rendered":"KIT ROBALO"},"content":{"rendered":"<p><span class=\"fontstyle0\">KIT ROBALO<\/span><\/p>\n<p><span class=\"fontstyle0\">6 camar\u00f5es articulados (6,5cm), 03 camar\u00f5es simples (8,5cm), 3 camar\u00f5es articulados (8,5cm), 6 camar\u00f5es simples (10cm), 2 camar\u00f5es articulados (10cm), 1 camar\u00e3o simples (13cm), 3 jigs1\/0 (5g), 3 jigs 3\/0 (12g) e 3 jigs 4\/0 (18g) <\/span><\/p>\n<p><span class=\"fontstyle2\"><span class=\"fontstyle0\">CORES: <\/span><\/span><span class=\"fontstyle2\"><span class=\"fontstyle1\">Sortido<\/span><\/span><\/p>\n<p>&nbsp;<\/p>\n<p><em>Fotos meramente ilustrativas. As cores podem variar de acordo com a tela do seu dispositivo.<\/em><\/p>\n","protected":false},"excerpt":{"rendered":"<p><span class=\"fontstyle0\">KIT ROBALO<\/span><\/p>\n<p><span class=\"fontstyle0\">6 camar\u00f5es articulados (6,5cm), 03 camar\u00f5es simples (8,5cm), 3 camar\u00f5es articulados (8,5cm), 6 camar\u00f5es simples (10cm), 2 camar\u00f5es articulados (10cm), 1 camar\u00e3o simples (13cm), 3 jigs1\/0 (5g), 3 jigs 3\/0 (12g) e 3 jigs 4\/0 (18g) <\/span><\/p>\n<p><span class=\"fontstyle2\"><span class=\"fontstyle0\">CORES: <\/span><\/span><span class=\"fontstyle2\"><span class=\"fontstyle1\">Sortido<\/span><\/span><\/p>\n<p>&nbsp;<\/p>\n<p><em>Fotos meramente ilustrativas. As cores podem variar de acordo com a tela do seu dispositivo.<\/em><\/p>\n","protected":false},"featured_media":385,"comment_status":"open","ping_status":"closed","template":"","meta":[],"product_brand":[],"product_cat":[64,133],"product_tag":[21,135,136],"class_list":{"0":"post-1146","1":"product","2":"type-product","3":"status-publish","4":"has-post-thumbnail","6":"product_cat-iscas-artificiais","7":"product_cat-kits","8":"product_tag-blackpearl","9":"product_tag-kit","10":"product_tag-robalo","12":"first","13":"instock","14":"shipping-taxable","15":"purchasable","16":"product-type-simple"},"jetpack_sharing_enabled":true,"_links":{"self":[{"href":"https:\/\/www.iscasblackpearl.com.br\/loja\/index.php\/wp-json\/wp\/v2\/product\/1146","targetHints":{"allow":["GET"]}}],"collection":[{"href":"https:\/\/www.iscasblackpearl.com.br\/loja\/index.php\/wp-json\/wp\/v2\/product"}],"about":[{"href":"https:\/\/www.iscasblackpearl.com.br\/loja\/index.php\/wp-json\/wp\/v2\/types\/product"}],"replies":[{"embeddable":true,"href":"https:\/\/www.iscasblackpearl.com.br\/loja\/index.php\/wp-json\/wp\/v2\/comments?post=1146"}],"wp:featuredmedia":[{"embeddable":true,"href":"https:\/\/www.iscasblackpearl.com.br\/loja\/index.php\/wp-json\/wp\/v2\/media\/385"}],"wp:attachment":[{"href":"https:\/\/www.iscasblackpearl.com.br\/loja\/index.php\/wp-json\/wp\/v2\/media?parent=1146"}],"wp:term":[{"taxonomy":"product_brand","embeddable":true,"href":"https:\/\/www.iscasblackpearl.com.br\/loja\/index.php\/wp-json\/wp\/v2\/product_brand?post=1146"},{"taxonomy":"product_cat","embeddable":true,"href":"https:\/\/www.iscasblackpearl.com.br\/loja\/index.php\/wp-json\/wp\/v2\/product_cat?post=1146"},{"taxonomy":"product_tag","embeddable":true,"href":"https:\/\/www.iscasblackpearl.com.br\/loja\/index.php\/wp-json\/wp\/v2\/product_tag?post=1146"}],"curies":[{"name":"wp","href":"https:\/\/api.w.org\/{rel}","templated":true}]}}